{"id":16610,"date":"2022-07-22T20:17:26","date_gmt":"2022-07-23T00:17:26","guid":{"rendered":"https:\/\/a1groupe.com\/about\/"},"modified":"2023-05-30T09:35:09","modified_gmt":"2023-05-30T13:35:09","slug":"a-propos","status":"publish","type":"page","link":"http:\/\/a1groupe.com\/fr\/a-propos\/","title":{"rendered":"\u00c0 propos"},"content":{"rendered":"\t\t<div data-elementor-type=\"wp-page\" data-elementor-id=\"16610\" class=\"elementor elementor-16610 elementor-395\">\n\t\t\t\t\t\t<section class=\"elementor-section elementor-top-section elementor-element elementor-element-630a8fa elementor-section-full_width elementor-section-stretched elementor-section-height-default elementor-section-height-default\" data-id=\"630a8fa\" data-element_type=\"section\" data-e-type=\"section\" data-settings=\"{&quot;stretch_section&quot;:&quot;section-stretched&quot;,&quot;background_background&quot;:&quot;classic&quot;}\">\n\t\t\t\t\t\t<div class=\"elementor-container elementor-column-gap-no\">\n\t\t\t\t\t<div class=\"elementor-column elementor-col-100 elementor-top-column elementor-element elementor-element-ed68f9e\" data-id=\"ed68f9e\" data-element_type=\"column\" data-e-type=\"column\">\n\t\t\t<div class=\"elementor-widget-wrap elementor-element-populated\">\n\t\t\t\t\t\t<div class=\"elementor-element elementor-element-78db5c6 elementor-absolute animated-fast decoration-type-1 elementor-invisible elementor-widget elementor-widget-industrium_decoration\" data-id=\"78db5c6\" data-element_type=\"widget\" data-e-type=\"widget\" data-settings=\"{&quot;_position&quot;:&quot;absolute&quot;,&quot;_animation&quot;:&quot;industrium_decoration&quot;,&quot;_animation_tablet_extra&quot;:&quot;none&quot;,&quot;_animation_delay&quot;:300}\" data-widget_type=\"industrium_decoration.default\">\n\t\t\t\t<div class=\"elementor-widget-container\">\n\t\t\t\t\t        <div class=\"decoration-widget\">\n            <div class=\"decoration-container\">\n                <div class=\"industrium-decoration\">\n                    <div><\/div><div><\/div><div><\/div>\n                <\/div>\n            <\/div>\n        <\/div>\n        \t\t\t\t<\/div>\n\t\t\t\t<\/div>\n\t\t\t\t<section class=\"elementor-section elementor-inner-section elementor-element elementor-element-ef1f02f elementor-section-boxed elementor-section-height-default elementor-section-height-default\" data-id=\"ef1f02f\" data-element_type=\"section\" data-e-type=\"section\">\n\t\t\t\t\t\t<div class=\"elementor-container elementor-column-gap-wide\">\n\t\t\t\t\t<div class=\"elementor-column elementor-col-50 elementor-inner-column elementor-element elementor-element-a1d6b89\" data-id=\"a1d6b89\" data-element_type=\"column\" data-e-type=\"column\">\n\t\t\t<div class=\"elementor-widget-wrap elementor-element-populated\">\n\t\t\t\t\t\t<div class=\"elementor-element elementor-element-c501b3d elementor-widget elementor-widget-industrium_heading\" data-id=\"c501b3d\" data-element_type=\"widget\" data-e-type=\"widget\" data-widget_type=\"industrium_heading.default\">\n\t\t\t\t<div class=\"elementor-widget-container\">\n\t\t\t\t\t<div class=\"industrium-heading-widget\"><h3 class=\"industrium-heading\"><span class=\"industrium-heading-content\">Mission, Vision and Values<\/span><\/h3><\/div>\t\t\t\t<\/div>\n\t\t\t\t<\/div>\n\t\t\t\t<div class=\"elementor-element elementor-element-c93e873 elementor-widget elementor-widget-text-editor\" data-id=\"c93e873\" data-element_type=\"widget\" data-e-type=\"widget\" data-widget_type=\"text-editor.default\">\n\t\t\t\t<div class=\"elementor-widget-container\">\n\t\t\t\t\t\t\t\t\t<p>Au c\u0153ur de la vision de notre entreprise se trouve une approche centr\u00e9e sur le client.\u00a0 Nous veillons \u00e0 ce que nos clients vivent une exp\u00e9rience de services exceptionnelle. Nous y parvenons en les \u00e9quipant d&rsquo;outils de pointe et les meilleures solutions disponibles sur le march\u00e9.<\/p>\t\t\t\t\t\t\t\t<\/div>\n\t\t\t\t<\/div>\n\t\t\t\t\t<\/div>\n\t\t<\/div>\n\t\t\t\t<div class=\"elementor-column elementor-col-50 elementor-inner-column elementor-element elementor-element-16dfcd1\" data-id=\"16dfcd1\" data-element_type=\"column\" data-e-type=\"column\">\n\t\t\t<div class=\"elementor-widget-wrap elementor-element-populated\">\n\t\t\t\t\t\t<div class=\"elementor-element elementor-element-4fafd03 elementor-widget elementor-widget-text-editor\" data-id=\"4fafd03\" data-element_type=\"widget\" data-e-type=\"widget\" data-widget_type=\"text-editor.default\">\n\t\t\t\t<div class=\"elementor-widget-container\">\n\t\t\t\t\t\t\t\t\t<p>Simplicit\u00e9, int\u00e9grit\u00e9, honn\u00eatet\u00e9 et professionnalisme forment le fondement de nos valeurs. En tant qu&rsquo;entreprise de confiance dans notre industrie, nous avons cultiv\u00e9 des relations durables fond\u00e9es sur la confiance avec nos clients. Notre engagement est motiv\u00e9 par une v\u00e9ritable passion pour fournir des r\u00e9sultats remarquables, en travaillant \u00e9troitement avec nos clients.<\/p>\t\t\t\t\t\t\t\t<\/div>\n\t\t\t\t<\/div>\n\t\t\t\t\t<\/div>\n\t\t<\/div>\n\t\t\t\t\t<\/div>\n\t\t<\/section>\n\t\t\t\t\t<\/div>\n\t\t<\/div>\n\t\t\t\t\t<\/div>\n\t\t<\/section>\n\t\t\t\t<section class=\"elementor-section elementor-top-section elementor-element elementor-element-38d041d elementor-section-boxed elementor-section-height-default elementor-section-height-default\" data-id=\"38d041d\" data-element_type=\"section\" data-e-type=\"section\">\n\t\t\t\t\t\t<div class=\"elementor-container elementor-column-gap-wide\">\n\t\t\t\t\t<div class=\"elementor-column elementor-col-50 elementor-top-column elementor-element elementor-element-44515f5\" data-id=\"44515f5\" data-element_type=\"column\" data-e-type=\"column\">\n\t\t\t<div class=\"elementor-widget-wrap elementor-element-populated\">\n\t\t\t\t\t\t<div class=\"elementor-element elementor-element-c4f1afe elementor-widget elementor-widget-industrium_heading\" data-id=\"c4f1afe\" data-element_type=\"widget\" data-e-type=\"widget\" data-widget_type=\"industrium_heading.default\">\n\t\t\t\t<div class=\"elementor-widget-container\">\n\t\t\t\t\t<div class=\"industrium-heading-widget\"><h2 class=\"industrium-heading\"><span class=\"industrium-heading-content\">Nous travaillons pour vous !<\/span><\/h2><\/div>\t\t\t\t<\/div>\n\t\t\t\t<\/div>\n\t\t\t\t<div class=\"elementor-element elementor-element-92261c2 elementor-widget elementor-widget-text-editor\" data-id=\"92261c2\" data-element_type=\"widget\" data-e-type=\"widget\" data-widget_type=\"text-editor.default\">\n\t\t\t\t<div class=\"elementor-widget-container\">\n\t\t\t\t\t\t\t\t\t<p>Nous avons une \u00e9quipe exp\u00e9riment\u00e9e dans le domaine des t\u00e9l\u00e9communications. Tirant parti de l&rsquo;expertise collective des membres de notre \u00e9quipe, qui poss\u00e8dent une impressionnante exp\u00e9rience combin\u00e9e de 50 ans, nous avons acquis le statut de partenaire d&rsquo;affaires fiable.<\/p>\t\t\t\t\t\t\t\t<\/div>\n\t\t\t\t<\/div>\n\t\t\t\t<div class=\"elementor-element elementor-element-4086a51 elementor-widget elementor-widget-progress\" data-id=\"4086a51\" data-element_type=\"widget\" data-e-type=\"widget\" data-widget_type=\"progress.default\">\n\t\t\t\t<div class=\"elementor-widget-container\">\n\t\t\t\t\t\t\t\t<span class=\"elementor-title\" id=\"elementor-progress-bar-4086a51\">\n\t\t\t\tIntegrit\u00e9\t\t\t<\/span>\n\t\t\n\t\t<div aria-labelledby=\"elementor-progress-bar-4086a51\" class=\"elementor-progress-wrapper\" role=\"progressbar\" aria-valuemin=\"0\" aria-valuemax=\"100\" aria-valuenow=\"100\">\n\t\t\t<div class=\"elementor-progress-bar\" data-max=\"100\">\n\t\t\t\t<span class=\"elementor-progress-text\"><\/span>\n\t\t\t\t\t\t\t\t\t<span class=\"elementor-progress-percentage\">100%<\/span>\n\t\t\t\t\t\t\t<\/div>\n\t\t<\/div>\n\t\t\t\t\t\t<\/div>\n\t\t\t\t<\/div>\n\t\t\t\t<div class=\"elementor-element elementor-element-c1bf25b elementor-widget elementor-widget-progress\" data-id=\"c1bf25b\" data-element_type=\"widget\" data-e-type=\"widget\" data-widget_type=\"progress.default\">\n\t\t\t\t<div class=\"elementor-widget-container\">\n\t\t\t\t\t\t\t\t<span class=\"elementor-title\" id=\"elementor-progress-bar-c1bf25b\">\n\t\t\t\tHonn\u00eatet\u00e9\t\t\t<\/span>\n\t\t\n\t\t<div aria-labelledby=\"elementor-progress-bar-c1bf25b\" class=\"elementor-progress-wrapper\" role=\"progressbar\" aria-valuemin=\"0\" aria-valuemax=\"100\" aria-valuenow=\"100\">\n\t\t\t<div class=\"elementor-progress-bar\" data-max=\"100\">\n\t\t\t\t<span class=\"elementor-progress-text\"><\/span>\n\t\t\t\t\t\t\t\t\t<span class=\"elementor-progress-percentage\">100%<\/span>\n\t\t\t\t\t\t\t<\/div>\n\t\t<\/div>\n\t\t\t\t\t\t<\/div>\n\t\t\t\t<\/div>\n\t\t\t\t<div class=\"elementor-element elementor-element-cf76b69 elementor-widget elementor-widget-progress\" data-id=\"cf76b69\" data-element_type=\"widget\" data-e-type=\"widget\" data-widget_type=\"progress.default\">\n\t\t\t\t<div class=\"elementor-widget-container\">\n\t\t\t\t\t\t\t\t<span class=\"elementor-title\" id=\"elementor-progress-bar-cf76b69\">\n\t\t\t\tProfessionalisme\t\t\t<\/span>\n\t\t\n\t\t<div aria-labelledby=\"elementor-progress-bar-cf76b69\" class=\"elementor-progress-wrapper\" role=\"progressbar\" aria-valuemin=\"0\" aria-valuemax=\"100\" aria-valuenow=\"100\">\n\t\t\t<div class=\"elementor-progress-bar\" data-max=\"100\">\n\t\t\t\t<span class=\"elementor-progress-text\"><\/span>\n\t\t\t\t\t\t\t\t\t<span class=\"elementor-progress-percentage\">100%<\/span>\n\t\t\t\t\t\t\t<\/div>\n\t\t<\/div>\n\t\t\t\t\t\t<\/div>\n\t\t\t\t<\/div>\n\t\t\t\t\t<\/div>\n\t\t<\/div>\n\t\t\t\t<div class=\"elementor-column elementor-col-50 elementor-top-column elementor-element elementor-element-99952ee\" data-id=\"99952ee\" data-element_type=\"column\" data-e-type=\"column\">\n\t\t\t<div class=\"elementor-widget-wrap elementor-element-populated\">\n\t\t\t\t\t\t<div class=\"elementor-element elementor-element-727185a animated-fast elementor-invisible elementor-widget elementor-widget-image\" data-id=\"727185a\" data-element_type=\"widget\" data-e-type=\"widget\" data-settings=\"{&quot;_animation&quot;:&quot;image_clip_right&quot;,&quot;_animation_delay&quot;:300,&quot;_animation_tablet_extra&quot;:&quot;none&quot;}\" data-widget_type=\"image.default\">\n\t\t\t\t<div class=\"elementor-widget-container\">\n\t\t\t\t\t\t\t\t\t\t\t\t\t\t\t<img fetchpriority=\"high\" decoding=\"async\" width=\"960\" height=\"831\" src=\"http:\/\/a1groupe.com\/wp-content\/uploads\/2023\/05\/client_smiling-960x831.jpg\" class=\"attachment-industrium_portfolio_grid_2_columns size-industrium_portfolio_grid_2_columns wp-image-16774\" alt=\"\" srcset=\"http:\/\/a1groupe.com\/wp-content\/uploads\/2023\/05\/client_smiling-960x831.jpg 960w, http:\/\/a1groupe.com\/wp-content\/uploads\/2023\/05\/client_smiling-1340x1160.jpg 1340w, http:\/\/a1groupe.com\/wp-content\/uploads\/2023\/05\/client_smiling-640x554.jpg 640w, http:\/\/a1groupe.com\/wp-content\/uploads\/2023\/05\/client_smiling-480x416.jpg 480w, http:\/\/a1groupe.com\/wp-content\/uploads\/2023\/05\/client_smiling-384x333.jpg 384w, http:\/\/a1groupe.com\/wp-content\/uploads\/2023\/05\/client_smiling-320x277.jpg 320w\" sizes=\"(max-width: 960px) 100vw, 960px\" \/>\t\t\t\t\t\t\t\t\t\t\t\t\t\t\t<\/div>\n\t\t\t\t<\/div>\n\t\t\t\t\t<\/div>\n\t\t<\/div>\n\t\t\t\t\t<\/div>\n\t\t<\/section>\n\t\t\t\t<section class=\"elementor-section elementor-top-section elementor-element elementor-element-59113ac elementor-section-full_width elementor-section-stretched elementor-section-height-default elementor-section-height-default\" data-id=\"59113ac\" data-element_type=\"section\" data-e-type=\"section\" data-settings=\"{&quot;stretch_section&quot;:&quot;section-stretched&quot;}\">\n\t\t\t\t\t\t<div class=\"elementor-container elementor-column-gap-no\">\n\t\t\t\t\t<div class=\"elementor-column elementor-col-100 elementor-top-column elementor-element elementor-element-f24b7cf\" data-id=\"f24b7cf\" data-element_type=\"column\" data-e-type=\"column\">\n\t\t\t<div class=\"elementor-widget-wrap elementor-element-populated\">\n\t\t\t\t\t\t\t<\/div>\n\t\t<\/div>\n\t\t\t\t\t<\/div>\n\t\t<\/section>\n\t\t\t\t<\/div>\n\t\t","protected":false},"excerpt":{"rendered":"<p>Au c\u0153ur de la vision de notre entreprise se trouve une approche centr\u00e9e sur le client.&nbsp; Nous veillons \u00e0 ce que nos clients vivent une exp\u00e9rience de services exceptionnelle. Nous y parvenons en les \u00e9quipant d&rsquo;outils de pointe et les meilleures&#8230;<\/p>\n","protected":false},"author":1,"featured_media":0,"parent":0,"menu_order":0,"comment_status":"closed","ping_status":"closed","template":"","meta":{"_coblocks_attr":"","_coblocks_dimensions":"","_coblocks_responsive_height":"","_coblocks_accordion_ie_support":"","footnotes":""},"class_list":["post-16610","page","type-page","status-publish","hentry"],"yoast_head":"<!-- This site is optimized with the Yoast SEO plugin v27.4 - https:\/\/yoast.com\/product\/yoast-seo-wordpress\/ -->\n<title>\u00c0 propos | Groupe A1<\/title>\n<meta name=\"description\" content=\"Chez A1 Groupe, nous veillons \u00e0 ce que nos clients vivent une exp\u00e9rience de services exceptionnelle.\" \/>\n<meta name=\"robots\" content=\"index, follow, max-snippet:-1, max-image-preview:large, max-video-preview:-1\" \/>\n<link rel=\"canonical\" href=\"http:\/\/a1groupe.com\/fr\/a-propos\/\" \/>\n<meta property=\"og:locale\" content=\"fr_FR\" \/>\n<meta property=\"og:type\" content=\"article\" \/>\n<meta property=\"og:title\" content=\"\u00c0 propos | Groupe A1\" \/>\n<meta property=\"og:description\" content=\"Chez A1 Groupe, nous veillons \u00e0 ce que nos clients vivent une exp\u00e9rience de services exceptionnelle.\" \/>\n<meta property=\"og:url\" content=\"http:\/\/a1groupe.com\/fr\/a-propos\/\" \/>\n<meta property=\"og:site_name\" content=\"Groupe A1\" \/>\n<meta property=\"article:modified_time\" content=\"2023-05-30T13:35:09+00:00\" \/>\n<meta property=\"og:image\" content=\"http:\/\/a1groupe.com\/wp-content\/uploads\/2023\/05\/client_smiling-960x831.jpg\" \/>\n<meta name=\"twitter:card\" content=\"summary_large_image\" \/>\n<meta name=\"twitter:label1\" content=\"Dur\u00e9e de lecture estim\u00e9e\" \/>\n\t<meta name=\"twitter:data1\" content=\"1 minute\" \/>\n<script type=\"application\/ld+json\" class=\"yoast-schema-graph\">{\"@context\":\"https:\\\/\\\/schema.org\",\"@graph\":[{\"@type\":\"WebPage\",\"@id\":\"http:\\\/\\\/a1groupe.com\\\/fr\\\/a-propos\\\/\",\"url\":\"http:\\\/\\\/a1groupe.com\\\/fr\\\/a-propos\\\/\",\"name\":\"\u00c0 propos | Groupe A1\",\"isPartOf\":{\"@id\":\"http:\\\/\\\/a1groupe.com\\\/#website\"},\"primaryImageOfPage\":{\"@id\":\"http:\\\/\\\/a1groupe.com\\\/fr\\\/a-propos\\\/#primaryimage\"},\"image\":{\"@id\":\"http:\\\/\\\/a1groupe.com\\\/fr\\\/a-propos\\\/#primaryimage\"},\"thumbnailUrl\":\"http:\\\/\\\/a1groupe.com\\\/wp-content\\\/uploads\\\/2023\\\/05\\\/client_smiling-960x831.jpg\",\"datePublished\":\"2022-07-23T00:17:26+00:00\",\"dateModified\":\"2023-05-30T13:35:09+00:00\",\"description\":\"Chez A1 Groupe, nous veillons \u00e0 ce que nos clients vivent une exp\u00e9rience de services exceptionnelle.\",\"breadcrumb\":{\"@id\":\"http:\\\/\\\/a1groupe.com\\\/fr\\\/a-propos\\\/#breadcrumb\"},\"inLanguage\":\"fr-FR\",\"potentialAction\":[{\"@type\":\"ReadAction\",\"target\":[\"http:\\\/\\\/a1groupe.com\\\/fr\\\/a-propos\\\/\"]}]},{\"@type\":\"ImageObject\",\"inLanguage\":\"fr-FR\",\"@id\":\"http:\\\/\\\/a1groupe.com\\\/fr\\\/a-propos\\\/#primaryimage\",\"url\":\"http:\\\/\\\/a1groupe.com\\\/wp-content\\\/uploads\\\/2023\\\/05\\\/client_smiling-960x831.jpg\",\"contentUrl\":\"http:\\\/\\\/a1groupe.com\\\/wp-content\\\/uploads\\\/2023\\\/05\\\/client_smiling-960x831.jpg\"},{\"@type\":\"BreadcrumbList\",\"@id\":\"http:\\\/\\\/a1groupe.com\\\/fr\\\/a-propos\\\/#breadcrumb\",\"itemListElement\":[{\"@type\":\"ListItem\",\"position\":1,\"name\":\"Home\",\"item\":\"https:\\\/\\\/a1groupe.com\\\/fr\\\/\"},{\"@type\":\"ListItem\",\"position\":2,\"name\":\"\u00c0 propos\"}]},{\"@type\":\"WebSite\",\"@id\":\"http:\\\/\\\/a1groupe.com\\\/#website\",\"url\":\"http:\\\/\\\/a1groupe.com\\\/\",\"name\":\"Groupe A1\",\"description\":\"Telecommunications Brokering Solution\",\"publisher\":{\"@id\":\"http:\\\/\\\/a1groupe.com\\\/#organization\"},\"potentialAction\":[{\"@type\":\"SearchAction\",\"target\":{\"@type\":\"EntryPoint\",\"urlTemplate\":\"http:\\\/\\\/a1groupe.com\\\/?s={search_term_string}\"},\"query-input\":{\"@type\":\"PropertyValueSpecification\",\"valueRequired\":true,\"valueName\":\"search_term_string\"}}],\"inLanguage\":\"fr-FR\"},{\"@type\":\"Organization\",\"@id\":\"http:\\\/\\\/a1groupe.com\\\/#organization\",\"name\":\"Groupe A1\",\"url\":\"http:\\\/\\\/a1groupe.com\\\/\",\"logo\":{\"@type\":\"ImageObject\",\"inLanguage\":\"fr-FR\",\"@id\":\"http:\\\/\\\/a1groupe.com\\\/#\\\/schema\\\/logo\\\/image\\\/\",\"url\":\"http:\\\/\\\/a1groupe.com\\\/wp-content\\\/uploads\\\/2023\\\/05\\\/groupe_a1_square.jpg\",\"contentUrl\":\"http:\\\/\\\/a1groupe.com\\\/wp-content\\\/uploads\\\/2023\\\/05\\\/groupe_a1_square.jpg\",\"width\":850,\"height\":850,\"caption\":\"Groupe A1\"},\"image\":{\"@id\":\"http:\\\/\\\/a1groupe.com\\\/#\\\/schema\\\/logo\\\/image\\\/\"}}]}<\/script>\n<!-- \/ Yoast SEO plugin. -->","yoast_head_json":{"title":"\u00c0 propos | Groupe A1","description":"Chez A1 Groupe, nous veillons \u00e0 ce que nos clients vivent une exp\u00e9rience de services exceptionnelle.","robots":{"index":"index","follow":"follow","max-snippet":"max-snippet:-1","max-image-preview":"max-image-preview:large","max-video-preview":"max-video-preview:-1"},"canonical":"http:\/\/a1groupe.com\/fr\/a-propos\/","og_locale":"fr_FR","og_type":"article","og_title":"\u00c0 propos | Groupe A1","og_description":"Chez A1 Groupe, nous veillons \u00e0 ce que nos clients vivent une exp\u00e9rience de services exceptionnelle.","og_url":"http:\/\/a1groupe.com\/fr\/a-propos\/","og_site_name":"Groupe A1","article_modified_time":"2023-05-30T13:35:09+00:00","og_image":[{"url":"http:\/\/a1groupe.com\/wp-content\/uploads\/2023\/05\/client_smiling-960x831.jpg","type":"","width":"","height":""}],"twitter_card":"summary_large_image","twitter_misc":{"Dur\u00e9e de lecture estim\u00e9e":"1 minute"},"schema":{"@context":"https:\/\/schema.org","@graph":[{"@type":"WebPage","@id":"http:\/\/a1groupe.com\/fr\/a-propos\/","url":"http:\/\/a1groupe.com\/fr\/a-propos\/","name":"\u00c0 propos | Groupe A1","isPartOf":{"@id":"http:\/\/a1groupe.com\/#website"},"primaryImageOfPage":{"@id":"http:\/\/a1groupe.com\/fr\/a-propos\/#primaryimage"},"image":{"@id":"http:\/\/a1groupe.com\/fr\/a-propos\/#primaryimage"},"thumbnailUrl":"http:\/\/a1groupe.com\/wp-content\/uploads\/2023\/05\/client_smiling-960x831.jpg","datePublished":"2022-07-23T00:17:26+00:00","dateModified":"2023-05-30T13:35:09+00:00","description":"Chez A1 Groupe, nous veillons \u00e0 ce que nos clients vivent une exp\u00e9rience de services exceptionnelle.","breadcrumb":{"@id":"http:\/\/a1groupe.com\/fr\/a-propos\/#breadcrumb"},"inLanguage":"fr-FR","potentialAction":[{"@type":"ReadAction","target":["http:\/\/a1groupe.com\/fr\/a-propos\/"]}]},{"@type":"ImageObject","inLanguage":"fr-FR","@id":"http:\/\/a1groupe.com\/fr\/a-propos\/#primaryimage","url":"http:\/\/a1groupe.com\/wp-content\/uploads\/2023\/05\/client_smiling-960x831.jpg","contentUrl":"http:\/\/a1groupe.com\/wp-content\/uploads\/2023\/05\/client_smiling-960x831.jpg"},{"@type":"BreadcrumbList","@id":"http:\/\/a1groupe.com\/fr\/a-propos\/#breadcrumb","itemListElement":[{"@type":"ListItem","position":1,"name":"Home","item":"https:\/\/a1groupe.com\/fr\/"},{"@type":"ListItem","position":2,"name":"\u00c0 propos"}]},{"@type":"WebSite","@id":"http:\/\/a1groupe.com\/#website","url":"http:\/\/a1groupe.com\/","name":"Groupe A1","description":"Telecommunications Brokering Solution","publisher":{"@id":"http:\/\/a1groupe.com\/#organization"},"potentialAction":[{"@type":"SearchAction","target":{"@type":"EntryPoint","urlTemplate":"http:\/\/a1groupe.com\/?s={search_term_string}"},"query-input":{"@type":"PropertyValueSpecification","valueRequired":true,"valueName":"search_term_string"}}],"inLanguage":"fr-FR"},{"@type":"Organization","@id":"http:\/\/a1groupe.com\/#organization","name":"Groupe A1","url":"http:\/\/a1groupe.com\/","logo":{"@type":"ImageObject","inLanguage":"fr-FR","@id":"http:\/\/a1groupe.com\/#\/schema\/logo\/image\/","url":"http:\/\/a1groupe.com\/wp-content\/uploads\/2023\/05\/groupe_a1_square.jpg","contentUrl":"http:\/\/a1groupe.com\/wp-content\/uploads\/2023\/05\/groupe_a1_square.jpg","width":850,"height":850,"caption":"Groupe A1"},"image":{"@id":"http:\/\/a1groupe.com\/#\/schema\/logo\/image\/"}}]}},"_links":{"self":[{"href":"http:\/\/a1groupe.com\/fr\/wp-json\/wp\/v2\/pages\/16610","targetHints":{"allow":["GET"]}}],"collection":[{"href":"http:\/\/a1groupe.com\/fr\/wp-json\/wp\/v2\/pages"}],"about":[{"href":"http:\/\/a1groupe.com\/fr\/wp-json\/wp\/v2\/types\/page"}],"author":[{"embeddable":true,"href":"http:\/\/a1groupe.com\/fr\/wp-json\/wp\/v2\/users\/1"}],"replies":[{"embeddable":true,"href":"http:\/\/a1groupe.com\/fr\/wp-json\/wp\/v2\/comments?post=16610"}],"version-history":[{"count":33,"href":"http:\/\/a1groupe.com\/fr\/wp-json\/wp\/v2\/pages\/16610\/revisions"}],"predecessor-version":[{"id":17107,"href":"http:\/\/a1groupe.com\/fr\/wp-json\/wp\/v2\/pages\/16610\/revisions\/17107"}],"wp:attachment":[{"href":"http:\/\/a1groupe.com\/fr\/wp-json\/wp\/v2\/media?parent=16610"}],"curies":[{"name":"wp","href":"https:\/\/api.w.org\/{rel}","templated":true}]}}